{"id":3678,"date":"2018-06-01T14:34:02","date_gmt":"2018-06-01T12:34:02","guid":{"rendered":"http:\/\/ciep.com\/?page_id=3678"},"modified":"2018-06-01T14:35:10","modified_gmt":"2018-06-01T12:35:10","slug":"ciep-continu2","status":"publish","type":"page","link":"https:\/\/ciep.com\/de\/fur-sie-als-einzelperson\/ciep-continu2\/","title":{"rendered":"CiEP-Continu"},"content":{"rendered":"<div class=\"block-content\">\n<h2><strong>CIEP-CONTINU<\/strong><\/h2>\n<h4>Festgefahrene Arbeitsgewohnheiten<\/h4>\n<p>Sie haben das CiEP-Basisprogramm erfolgreich abgeschlossen. Sie merken allerdings, dass das, was Sie dabei gelernt haben, im Arbeitsalltag noch leicht in den Hintergrund gedr\u00e4ngt wird. In Ihrer t\u00e4glichen Arbeitspraxis erweisen sich die alten Gewohnheiten als sehr festgefahren. Das kann zwar der Fall sein, doch eigentlich wollen Sie sich hiervon befreien. Denn als Sie damals gerade das CiEP-Basisprogramm abgeschlossen hatten, verlief Ihr Arbeitsprozess viel reibungsloser.<\/p>\n<h4>\nWas Sie gerne m\u00f6chten<\/h4>\n<p>Sie w\u00fcnschen sich regelm\u00e4\u00dfig zur\u00fcckkehrende Unterst\u00fctzung f\u00fcr die Beibehaltung und weitere Entwicklung der Bewusstwerdung und Gestaltung Ihrer Arbeitsgewohnheiten, Ihres pers\u00f6nlichen Arbeitsablaufes sowie der Planung und Anwendung der CiEP-Prinzipien \u201cMache es jetzt!\u201d, \u201cPlane es jetzt!\u201d und \u201cSage es jetzt!\u201d.<\/p>\n<h4>Was CiEP-Continu bietet<\/h4>\n<p>CiEP-Continu pr\u00fcft und unterst\u00fctzt die Teilnehmer in folgenden Bereichen:<\/p>\n<ul>\n<li>Beibehaltung und weiterer Aufbau des eigenen Arbeitssystems auf pers\u00f6nlicher Ebene;<\/li>\n<li>Coaching an Ihrem eigenen Arbeitsplatz vor dem Hintergrund Ihrer pers\u00f6nlichen Weiterentwicklung und Ihrer Bed\u00fcrfnisse;<\/li>\n<li>Weiteres Wachstum bei der Anwendung der CiEP-Prinzipien \u201cMache es jetzt!\u201d, \u201cSage es jetzt!\u201d und \u201cPlane es jetzt!\u201d sowohl am eigenen Arbeitsplatz als auch in der Interaktion mit anderen.<\/li>\n<\/ul>\n<\/div>\n<div class=\"block-content\">\n<h2>SCHULUNGSINHALT<\/h2>\n<ul>\n<li>Fortschritt beim Erreichen der pers\u00f6nlichen CiEP-Ziele;<\/li>\n<li>Ggf. Auffrischen der Ausgangspunkte und praktische Anwendung der CiEP-Arbeitsprinzipien in Bezug auf das Erreichen von Erfolg auf pers\u00f6nlicher Ebene und auf Unternehmensebene sowie Aufzeigen, wie dieser Erfolg im pers\u00f6nlichen Arbeitssystem sichtbar wird;<\/li>\n<li>Pr\u00fcfung, inwieweit das CiEP-Programm im pers\u00f6nlichen Arbeitssystem sichtbar wird;<\/li>\n<li>Untersuchung und Besprechung von Alternativen und M\u00f6glichkeiten zur L\u00f6sung von Engp\u00e4ssen;<\/li>\n<li>Personenorientiertes Coaching in Bezug auf Engp\u00e4sse bei der Implementierung;<\/li>\n<li>Festlegung der gew\u00fcnschten Erfolge und der dazugeh\u00f6rigen Vereinbarungen f\u00fcr den n\u00e4chsten Zeitraum.<\/li>\n<\/ul>\n<\/div>\n<div class=\"block-content\">\n<h2>DAS ERGEBNIS<\/h2>\n<p>Optimierung von Rahmenbedingungen f\u00fcr die kontinuierliche Umsetzung au\u00dfergew\u00f6hnlicher Qualit\u00e4t und Einarbeitung der Ergebnisse auf pers\u00f6nlicher Ebene. Sichtbar, messbar und f\u00fchlbar.<\/p>\n<\/div>\n<div class=\"block-content\">\n<h2>PRAKTISCHE INFORMATIONEN<\/h2>\n<h4>Zielgruppe<\/h4>\n<p>Jeder, der die CiEP-Basisschulung abgeschlossen hat.<\/p>\n<h4>Gruppengr\u00f6\u00dfe<\/h4>\n<p>7 bis 12 Teilnehmer.<\/p>\n<h4>Schulungsort<\/h4>\n<p>Jede Zusammenkunft findet am Arbeitsplatz des Teilnehmers zelbst statt.<\/p>\n<h4>Arbeitsform<\/h4>\n<p>Sowohl in Gesamtschulungen als auch in individueller Betreuung am Arbeitsplatz, abgestimmt auf den Forschritt zur Teilnahme und die Bed\u00fcrfnisse des Auftraggebers.<\/p>\n<h4>Teilnahmebedingung<\/h4>\n<p>Die Voraussetzung zur Teilnahme an der Schulung CiEP-Continu besteht darin, dass die Teilnehmer selbst den Wunsch zur Teilnahme haben und mit den CiEP-Prinzipien und den Zielen von CiEP-Continu vertraut sind.<\/p>\n<h4>Schulungsdatum<\/h4>\n<p>Mindestens 2 Mal pro Jahr im Abstand von jeweils 6 Monaten. Die Schulungsdaten und die Gestaltung der Schulungstage werden im Vorfeld mit dem Auftraggeber abgesprochen.<\/p>\n<h4>Schulungsdauer<\/h4>\n<p>Die Teilnehmer reservieren den ganzen Tag f\u00fcr CiEP-Continu, es sei denn, es wurde etwas anderes vereinbart.<\/p>\n<\/div>\n<p>&nbsp;<\/p>\n<p>&nbsp;<\/p>\n<p>&nbsp;<\/p>\n<div class=\"addthis_toolbox addthis_default_style addthis_32x32_style pull-right\">\u00a0<\/div>\n<section class='bg-section ' id=''><div class='bg' style='background-color: #055d2d;'><\/div><span style='color: white;'><div class=\"su-flex-columns \" style=\"justify-content: space-between; align-items: stretch;\"><div class=\"su-flex-column\" style=\"width: 60%;\">\n<h2>CiEP-Ergebnisse auf einen Blick<\/h2>\n<p>M\u00f6chten Sie mehr \u00fcber CiEP Training &amp; Coaching erfahren?<\/p>\n<a href=\"\/de\/broschuere-herunterladen\/\" class=\"btn type-3\" target=\"_self\"><span>Brochure laden<\/span><\/a>\n<\/div><div class=\"su-flex-column\" style=\"width: 35%;\">\n<p><img loading=\"lazy\" decoding=\"async\" class=\"alignnone wp-image-3129 size-medium\" src=\"http:\/\/ciep.com\/wp-content\/uploads\/2018\/05\/brochure-duits.jpg\" alt=\"\" width=\"212\" height=\"300\" srcset=\"https:\/\/ciep.com\/wp-content\/uploads\/2018\/05\/brochure-duits.jpg 216w, https:\/\/ciep.com\/wp-content\/uploads\/2018\/05\/brochure-duits-212x300.jpg 212w, https:\/\/ciep.com\/wp-content\/uploads\/2018\/05\/brochure-duits-191x270.jpg 191w\" sizes=\"auto, (max-width: 212px) 100vw, 212px\" \/><\/p>\n<\/div><\/div><\/span><\/section>\n<div class=\"su-flex-columns \" style=\"justify-content: space-between; align-items: stretch;\"><div class=\"su-flex-column\" style=\"width: 48%;\">\n<h2>\u00dcBER UNS<\/h2>\n<p>Als individuelles Coaching-Programm bietet CiEP Renditen in verschiedenen Terrains. Zeitgewinn ist ein Beispiel, das liegt in der Regel messbar zwischen 10 und 20%. Insgesamt bedeutet dies etwa die H\u00e4lfte bis zum ganzen Arbeitstag pro Person und Woche! Die gewonnene Zeit ist eng mit einer Reihe entscheidender Pluspunkte der CiEP-Arbeitsweise verbunden. Sie k\u00f6nnen \u00fcber Vorteile in Bezug auf Folgendes nachdenken:<\/p>\n<ul>\n<li>Qualit\u00e4t<\/li>\n<li>Produktivit\u00e4t<\/li>\n<li>Transparenz<\/li>\n<li>Initiative und Ergebnisorientierung<\/li>\n<\/ul>\n<p>Unternehmen und Organisationen, die ein CiEP-Programm durchlaufen oder durchgemacht haben, sprechen immer davon, ihre Arbeit sp\u00fcrbar angenehmer zu machen, mehr Engagement und Zufriedenheit zu erreichen und eine bessere Work-Life-Balance zu erreichen.<\/p>\n<\/div><div class=\"su-flex-column\" style=\"width: 48%;\">\n<p>&nbsp;<\/p>\n<\/div><\/div>\n<h2>Eine Auswahl unserer Kunden<\/h2>\n<p>Diese Organisationen in den Niederlanden und in Belgien verwenden CiEP, um Arbeitsgewohnheiten anzupassen und das gew\u00fcnschte Ergebnis zu erzielen:<\/p>\n\n<style>\n\n\t\/*Used to keep captions inside the visible area*\/\n\t#foogallery-gallery-184 .foo-item {\n\t\tmax-height: 150px;\n\t}\n\n\t#foogallery-gallery-184.border-style-inset a::after {\n\t\tbox-shadow: inset 0 0 20px #000;\n\t\t-moz-box-shadow: inset 0 0 20px #000;\n\t\t-webkit-box-shadow: inset 0 0 calc(150)px\/4 rgba(0,0,0,0.8);\n\t}\n<\/style>\n\n<div id=\"foogallery-gallery-184\" class=\"foogallery foogallery-container foogallery-owl-carousel foogallery-lightbox-none owl-carousel \">\n\n\t\t\t\t<div class=\"foo-item\" >\n\t\t\t<a  data-attachment-id=\"1341\" data-type=\"image\"><img loading=\"lazy\" decoding=\"async\"  src=\"https:\/\/ciep.com\/wp-content\/uploads\/cache\/ciep\/assets\/b39483d3-965f-4788-bf86-ddb68c59c419\/2346085986.jpg\" width=\"150\" height=\"150\" class=\"skip-lazy\" \/><\/a>\n\t\t\t<\/div>\n\n\t\t\t\t<div class=\"foo-item\" >\n\t\t\t<a  data-attachment-id=\"1344\" data-type=\"image\"><img loading=\"lazy\" decoding=\"async\"  src=\"https:\/\/ciep.com\/wp-content\/uploads\/cache\/ciep\/assets\/c2f3509e-ba3a-4861-9434-735561739294\/2876084252.jpg\" width=\"150\" height=\"150\" class=\"skip-lazy\" \/><\/a>\n\t\t\t<\/div>\n\n\t\t\t\t<div class=\"foo-item\" >\n\t\t\t<a  data-attachment-id=\"1338\" data-type=\"image\"><img loading=\"lazy\" decoding=\"async\"  src=\"https:\/\/ciep.com\/wp-content\/uploads\/cache\/ciep\/assets\/a11cb9ca-3868-45c4-91ff-9d8bdbc56d6e\/3920196262.png\" width=\"150\" height=\"150\" class=\"skip-lazy\" \/><\/a>\n\t\t\t<\/div>\n\n\t\t\t\t<div class=\"foo-item\" >\n\t\t\t<a  data-attachment-id=\"1332\" data-type=\"image\"><img loading=\"lazy\" decoding=\"async\"  src=\"https:\/\/ciep.com\/wp-content\/uploads\/cache\/ciep\/assets\/74c67b43-08a9-4ce2-92d1-3ffbd756f3cc\/3501517862.png\" width=\"150\" height=\"150\" class=\"skip-lazy\" \/><\/a>\n\t\t\t<\/div>\n\n\t\t\t\t<div class=\"foo-item\" >\n\t\t\t<a  data-attachment-id=\"1335\" data-type=\"image\"><img loading=\"lazy\" decoding=\"async\"  src=\"https:\/\/ciep.com\/wp-content\/uploads\/cache\/ciep\/assets\/692a6bb2-4541-47bf-a2fd-0b01294338f5\/4010239411.png\" width=\"150\" height=\"150\" class=\"skip-lazy\" \/><\/a>\n\t\t\t<\/div>\n\n\t\t\t\t<div class=\"foo-item\" >\n\t\t\t<a  data-attachment-id=\"1329\" data-type=\"image\"><img loading=\"lazy\" decoding=\"async\"  src=\"https:\/\/ciep.com\/wp-content\/uploads\/cache\/ciep\/assets\/44c835bf-b6ff-442d-8593-6977a50681c1\/1753384239.png\" width=\"150\" height=\"150\" class=\"skip-lazy\" \/><\/a>\n\t\t\t<\/div>\n\n\t\t\t\t<div class=\"foo-item\" >\n\t\t\t<a  data-attachment-id=\"4832\" data-type=\"image\"><img loading=\"lazy\" decoding=\"async\"  src=\"https:\/\/ciep.com\/wp-content\/uploads\/cache\/2018\/04\/Gemeente-Dalfsen\/2720299353.jpg\" alt=\"Gemeente Dalfsen\" width=\"150\" height=\"150\" class=\"skip-lazy\" \/><\/a>\n\t\t\t<\/div>\n\n\t\t\t\t<div class=\"foo-item\" >\n\t\t\t<a  data-attachment-id=\"4836\" data-type=\"image\"><img loading=\"lazy\" decoding=\"async\"  src=\"https:\/\/ciep.com\/wp-content\/uploads\/cache\/2018\/04\/Gemeente-Horst-aan-de-Maas\/2856012309.jpeg\" alt=\"Gemeente Horst aan de Maas\" width=\"150\" height=\"150\" class=\"skip-lazy\" \/><\/a>\n\t\t\t<\/div>\n\n\t\t\t\t<div class=\"foo-item\" >\n\t\t\t<a  data-attachment-id=\"4840\" data-type=\"image\"><img loading=\"lazy\" decoding=\"async\"  src=\"https:\/\/ciep.com\/wp-content\/uploads\/cache\/2018\/04\/Hoge-Raad-der-Nederlanden\/2214028150.png\" alt=\"Hoge Raad der Nederlanden\" width=\"150\" height=\"150\" class=\"skip-lazy\" \/><\/a>\n\t\t\t<\/div>\n\n\t\t\t\t<div class=\"foo-item\" >\n\t\t\t<a  data-attachment-id=\"4844\" data-type=\"image\"><img loading=\"lazy\" decoding=\"async\"  src=\"https:\/\/ciep.com\/wp-content\/uploads\/cache\/2018\/04\/KBC-Bank-NV\/2980599780.jpg\" alt=\"KBC Bank NV\" width=\"150\" height=\"150\" class=\"skip-lazy\" \/><\/a>\n\t\t\t<\/div>\n\n\t\t\t\t<div class=\"foo-item\" >\n\t\t\t<a  data-attachment-id=\"4848\" data-type=\"image\"><img loading=\"lazy\" decoding=\"async\"  src=\"https:\/\/ciep.com\/wp-content\/uploads\/cache\/2018\/04\/Ministerie-BZK-Leer-en-Ontwikkelplein\/3703785547.png\" alt=\"Ministerie BZK Leer en Ontwikkelplein\" width=\"150\" height=\"150\" class=\"skip-lazy\" \/><\/a>\n\t\t\t<\/div>\n\n\t\t\t\t<div class=\"foo-item\" >\n\t\t\t<a  data-attachment-id=\"4852\" data-type=\"image\"><img loading=\"lazy\" decoding=\"async\"  src=\"https:\/\/ciep.com\/wp-content\/uploads\/cache\/2018\/04\/MInisterie-van-Infrastructuur-en-Milieu\/3742327332.png\" alt=\"MInisterie van Infrastructuur en Milieu\" width=\"150\" height=\"150\" class=\"skip-lazy\" \/><\/a>\n\t\t\t<\/div>\n\n\t\t\t\t<div class=\"foo-item\" >\n\t\t\t<a  data-attachment-id=\"4856\" data-type=\"image\"><img loading=\"lazy\" decoding=\"async\"  src=\"https:\/\/ciep.com\/wp-content\/uploads\/cache\/2018\/04\/NKI-AVL\/1121057147.png\" alt=\"NKI AVL\" width=\"150\" height=\"150\" class=\"skip-lazy\" \/><\/a>\n\t\t\t<\/div>\n\n\t\t\t\t<div class=\"foo-item\" >\n\t\t\t<a  data-attachment-id=\"4864\" data-type=\"image\"><img loading=\"lazy\" decoding=\"async\"  src=\"https:\/\/ciep.com\/wp-content\/uploads\/cache\/2018\/04\/Parnassia\/1129416619.png\" alt=\"Parnassia\" width=\"150\" height=\"150\" class=\"skip-lazy\" \/><\/a>\n\t\t\t<\/div>\n\n\t\t\t\t<div class=\"foo-item\" >\n\t\t\t<a  data-attachment-id=\"4868\" data-type=\"image\"><img loading=\"lazy\" decoding=\"async\"  src=\"https:\/\/ciep.com\/wp-content\/uploads\/cache\/2018\/04\/Provincie-Zeeland\/38025959.png\" alt=\"Provincie Zeeland\" width=\"150\" height=\"150\" class=\"skip-lazy\" \/><\/a>\n\t\t\t<\/div>\n\n\t\t\t\t<div class=\"foo-item\" >\n\t\t\t<a  data-attachment-id=\"4872\" data-type=\"image\"><img loading=\"lazy\" decoding=\"async\"  src=\"https:\/\/ciep.com\/wp-content\/uploads\/cache\/2018\/04\/Rabobank\/2766462956.jpg\" width=\"150\" height=\"150\" class=\"skip-lazy\" \/><\/a>\n\t\t\t<\/div>\n\n\t\t\t\t<div class=\"foo-item\" >\n\t\t\t<a  data-attachment-id=\"4876\" data-type=\"image\"><img loading=\"lazy\" decoding=\"async\"  src=\"https:\/\/ciep.com\/wp-content\/uploads\/cache\/2018\/04\/Sartorius\/785730330.png\" alt=\"Sartorius\" width=\"150\" height=\"150\" class=\"skip-lazy\" \/><\/a>\n\t\t\t<\/div>\n\n\t\t\t\t<div class=\"foo-item\" >\n\t\t\t<a  data-attachment-id=\"4880\" data-type=\"image\"><img loading=\"lazy\" decoding=\"async\"  src=\"https:\/\/ciep.com\/wp-content\/uploads\/cache\/2018\/04\/SD-Worx\/1001835835.png\" alt=\"SD Worx\" width=\"150\" height=\"150\" class=\"skip-lazy\" \/><\/a>\n\t\t\t<\/div>\n\n\t\t\t\t<div class=\"foo-item\" >\n\t\t\t<a  data-attachment-id=\"4884\" data-type=\"image\"><img loading=\"lazy\" decoding=\"async\"  src=\"https:\/\/ciep.com\/wp-content\/uploads\/cache\/2018\/04\/Umicore\/4001097424.png\" alt=\"Umicore\" width=\"150\" height=\"150\" class=\"skip-lazy\" \/><\/a>\n\t\t\t<\/div>\n\n\t\t\t\t<div class=\"foo-item\" >\n\t\t\t<a  data-attachment-id=\"4888\" data-type=\"image\"><img loading=\"lazy\" decoding=\"async\"  src=\"https:\/\/ciep.com\/wp-content\/uploads\/cache\/2018\/04\/Universiteit-Utrecht\/4077019692.jpg\" alt=\"Universiteit Utrecht\" width=\"150\" height=\"150\" class=\"skip-lazy\" \/><\/a>\n\t\t\t<\/div>\n\n\t\t\t\t<div class=\"foo-item\" >\n\t\t\t<a  data-attachment-id=\"4892\" data-type=\"image\"><img loading=\"lazy\" decoding=\"async\"  src=\"https:\/\/ciep.com\/wp-content\/uploads\/cache\/2018\/04\/UWV\/4001305161.jpg\" alt=\"UWV\" width=\"150\" height=\"150\" class=\"skip-lazy\" \/><\/a>\n\t\t\t<\/div>\n\n\t\t\t\t<div class=\"foo-item\" >\n\t\t\t<a  data-attachment-id=\"4896\" data-type=\"image\"><img loading=\"lazy\" decoding=\"async\"  src=\"https:\/\/ciep.com\/wp-content\/uploads\/cache\/2018\/04\/Van-Wijnen\/4137061184.png\" alt=\"Van Wijnen\" width=\"150\" height=\"150\" class=\"skip-lazy\" \/><\/a>\n\t\t\t<\/div>\n\n\t\t\t\t<div class=\"foo-item\" >\n\t\t\t<a  data-attachment-id=\"4900\" data-type=\"image\"><img loading=\"lazy\" decoding=\"async\"  src=\"https:\/\/ciep.com\/wp-content\/uploads\/cache\/2018\/04\/Sint-Maartenskliniekklein\/2050666824.jpg\" alt=\"Sint Maartenskliniek\" width=\"150\" height=\"150\" class=\"skip-lazy\" \/><\/a>\n\t\t\t<\/div>\n\n\t\t\t\t<div class=\"foo-item\" >\n\t\t\t<a  data-caption-title=\"Universiteit amsterdam\" data-attachment-id=\"8981\" data-type=\"image\"><img loading=\"lazy\" decoding=\"async\"  src=\"https:\/\/ciep.com\/wp-content\/uploads\/cache\/2018\/04\/Universiteit-amsterdam\/488494887.jpg\" alt=\"Universiteit amsterdam\" width=\"150\" height=\"150\" class=\"skip-lazy\" \/><\/a>\n\t\t\t<\/div>\n\n\t\t\t\t<div class=\"foo-item\" >\n\t\t\t<a  data-caption-title=\"logo-Icare\" data-caption-desc=\"logo-Icare\" data-attachment-id=\"9002\" data-type=\"image\"><img loading=\"lazy\" decoding=\"async\"  src=\"https:\/\/ciep.com\/wp-content\/uploads\/cache\/2018\/04\/logo-Icare\/1822854265.png\" alt=\"logo-Icare\" width=\"150\" height=\"150\" class=\"skip-lazy\" \/><\/a>\n\t\t\t<\/div>\n\n\t\t\t\t<div class=\"foo-item\" >\n\t\t\t<a  data-attachment-id=\"9006\" data-type=\"image\"><img loading=\"lazy\" decoding=\"async\"  src=\"https:\/\/ciep.com\/wp-content\/uploads\/cache\/2018\/04\/UMC-Utrecht-2019_4\/2686150404.png\" width=\"150\" height=\"150\" class=\"skip-lazy\" \/><\/a>\n\t\t\t<\/div>\n\n\t\t\t\t<div class=\"foo-item\" >\n\t\t\t<a  data-attachment-id=\"9043\" data-type=\"image\"><img loading=\"lazy\" decoding=\"async\"  src=\"https:\/\/ciep.com\/wp-content\/uploads\/cache\/2018\/04\/openbare-scholengroep-schoonoord\/2549861589.jpg\" width=\"150\" height=\"150\" class=\"skip-lazy\" \/><\/a>\n\t\t\t<\/div>\n\n\t\t\t\t<div class=\"foo-item\" >\n\t\t\t<a  data-attachment-id=\"9039\" data-type=\"image\"><img loading=\"lazy\" decoding=\"async\"  src=\"https:\/\/ciep.com\/wp-content\/uploads\/cache\/2018\/04\/gregorius-logo-100\/1305729427.png\" width=\"150\" height=\"150\" class=\"skip-lazy\" \/><\/a>\n\t\t\t<\/div>\n\n\t\t\t\t<div class=\"foo-item\" >\n\t\t\t<a  data-attachment-id=\"9035\" data-type=\"image\"><img loading=\"lazy\" decoding=\"async\"  src=\"https:\/\/ciep.com\/wp-content\/uploads\/cache\/2018\/04\/univ-groningen\/3559830023.jpg\" width=\"150\" height=\"150\" class=\"skip-lazy\" \/><\/a>\n\t\t\t<\/div>\n\n\t\t\t\t<div class=\"foo-item\" >\n\t\t\t<a  data-attachment-id=\"9031\" data-type=\"image\"><img loading=\"lazy\" decoding=\"async\"  src=\"https:\/\/ciep.com\/wp-content\/uploads\/cache\/2018\/04\/Logo_ministerie_van_defensie_svg_\/582605502.png\" width=\"150\" height=\"150\" class=\"skip-lazy\" \/><\/a>\n\t\t\t<\/div>\n\n\t<\/div>\n\n<script>\n\/* The Owl Initialization Script\n\/* The first lines conditionally show the slide animation *\/\njQuery(window).on(\"load\", function(){\n\tvar $galleryContainer = jQuery( '#foogallery-gallery-184' );\n\tvar $containerID = '#foogallery-gallery-184';\n\n\tjQuery(document).on('keydown', function( event ) { \/\/attach event listener\n\t\tif (event.keyCode == 37) {\n\t\t\t$galleryContainer.trigger('prev.owl')\n\t\t}\n\t\tif (event.keyCode == 39) {\n\t\t\t$galleryContainer.trigger('next.owl')\n\t\t}\n\t});\n\n\t\n\t$galleryContainer.owlCarousel({\n\t\titems: 5,\n\t\tnav: true,\n\t\tmargin: 0,\n\t\tloop:true,\n\t\tautoplay: true,\n\t\tautoplaySpeed: 2000,\n\t\tsmartSpeed:250,\n\t\tnavSpeed: 1250,\n\t\tnavText: ['prev', 'next'],\n\t\tautoplayHoverPause: false,\n\t\tlazyLoad: 1,\n\t\tautoWidth: 0,\n\t\t\tURLhashListener: false,\n\t\tstartPosition: 'URLHash',\n\t\tdots: false,\n\t\t\tresponsiveClass: true,\n\t\tresponsive:{\n\t\t\t0:{\n\t\t\t\titems: 1,\n\t\t\t},\n\t\t\t480:{\n\t\t\t\titems: 3,\n\t\t\t},\n\t\t\t960:{\n\t\t\t\titems: 5,\n\t\t\t}\n\t\t},\n\n\t\t\t});\n});\n<\/script>\n","protected":false},"excerpt":{"rendered":"<p>CIEP-CONTINU Festgefahrene Arbeitsgewohnheiten Sie haben das CiEP-Basisprogramm erfolgreich abgeschlossen. Sie merken allerdings, dass das, was&#8230;<\/p>\n","protected":false},"author":1,"featured_media":0,"parent":3660,"menu_order":0,"comment_status":"closed","ping_status":"closed","template":"","meta":{"_acf_changed":false,"inline_featured_image":false,"footnotes":""},"class_list":["post-3678","page","type-page","status-publish","hentry"],"acf":[],"yoast_head":"<!-- This site is optimized with the Yoast SEO plugin v26.9 - https:\/\/yoast.com\/product\/yoast-seo-wordpress\/ -->\n<title>CiEP-Continu - CiEP<\/title>\n<meta name=\"robots\" content=\"index, follow, max-snippet:-1, max-image-preview:large, max-video-preview:-1\" \/>\n<link rel=\"canonical\" href=\"https:\/\/ciep.com\/de\/fur-sie-als-einzelperson\/ciep-continu2\/\" \/>\n<meta property=\"og:locale\" content=\"de_DE\" \/>\n<meta property=\"og:type\" content=\"article\" \/>\n<meta property=\"og:title\" content=\"CiEP-Continu - CiEP\" \/>\n<meta property=\"og:description\" content=\"CIEP-CONTINU Festgefahrene Arbeitsgewohnheiten Sie haben das CiEP-Basisprogramm erfolgreich abgeschlossen. Sie merken allerdings, dass das, was...\" \/>\n<meta property=\"og:url\" content=\"https:\/\/ciep.com\/de\/fur-sie-als-einzelperson\/ciep-continu2\/\" \/>\n<meta property=\"og:site_name\" content=\"CiEP\" \/>\n<meta property=\"article:modified_time\" content=\"2018-06-01T12:35:10+00:00\" \/>\n<meta property=\"og:image\" content=\"http:\/\/ciep.com\/wp-content\/uploads\/2018\/05\/brochure-duits.jpg\" \/>\n<meta name=\"twitter:card\" content=\"summary_large_image\" \/>\n<meta name=\"twitter:label1\" content=\"Est. reading time\" \/>\n\t<meta name=\"twitter:data1\" content=\"3 minutes\" \/>\n<script type=\"application\/ld+json\" class=\"yoast-schema-graph\">{\"@context\":\"https:\/\/schema.org\",\"@graph\":[{\"@type\":\"WebPage\",\"@id\":\"https:\/\/ciep.com\/de\/fur-sie-als-einzelperson\/ciep-continu2\/\",\"url\":\"https:\/\/ciep.com\/de\/fur-sie-als-einzelperson\/ciep-continu2\/\",\"name\":\"CiEP-Continu - CiEP\",\"isPartOf\":{\"@id\":\"https:\/\/ciep.com\/#website\"},\"primaryImageOfPage\":{\"@id\":\"https:\/\/ciep.com\/de\/fur-sie-als-einzelperson\/ciep-continu2\/#primaryimage\"},\"image\":{\"@id\":\"https:\/\/ciep.com\/de\/fur-sie-als-einzelperson\/ciep-continu2\/#primaryimage\"},\"thumbnailUrl\":\"http:\/\/ciep.com\/wp-content\/uploads\/2018\/05\/brochure-duits.jpg\",\"datePublished\":\"2018-06-01T12:34:02+00:00\",\"dateModified\":\"2018-06-01T12:35:10+00:00\",\"breadcrumb\":{\"@id\":\"https:\/\/ciep.com\/de\/fur-sie-als-einzelperson\/ciep-continu2\/#breadcrumb\"},\"inLanguage\":\"de-DE\",\"potentialAction\":[{\"@type\":\"ReadAction\",\"target\":[\"https:\/\/ciep.com\/de\/fur-sie-als-einzelperson\/ciep-continu2\/\"]}]},{\"@type\":\"ImageObject\",\"inLanguage\":\"de-DE\",\"@id\":\"https:\/\/ciep.com\/de\/fur-sie-als-einzelperson\/ciep-continu2\/#primaryimage\",\"url\":\"http:\/\/ciep.com\/wp-content\/uploads\/2018\/05\/brochure-duits.jpg\",\"contentUrl\":\"http:\/\/ciep.com\/wp-content\/uploads\/2018\/05\/brochure-duits.jpg\"},{\"@type\":\"BreadcrumbList\",\"@id\":\"https:\/\/ciep.com\/de\/fur-sie-als-einzelperson\/ciep-continu2\/#breadcrumb\",\"itemListElement\":[{\"@type\":\"ListItem\",\"position\":1,\"name\":\"Home\",\"item\":\"https:\/\/ciep.com\/\"},{\"@type\":\"ListItem\",\"position\":2,\"name\":\"F\u00fcr Sie als Einzelperson\",\"item\":\"https:\/\/ciep.com\/de\/fur-sie-als-einzelperson\/\"},{\"@type\":\"ListItem\",\"position\":3,\"name\":\"CiEP-Continu\"}]},{\"@type\":\"WebSite\",\"@id\":\"https:\/\/ciep.com\/#website\",\"url\":\"https:\/\/ciep.com\/\",\"name\":\"CiEP\",\"description\":\"Training &amp; Coaching\",\"publisher\":{\"@id\":\"https:\/\/ciep.com\/#organization\"},\"potentialAction\":[{\"@type\":\"SearchAction\",\"target\":{\"@type\":\"EntryPoint\",\"urlTemplate\":\"https:\/\/ciep.com\/?s={search_term_string}\"},\"query-input\":{\"@type\":\"PropertyValueSpecification\",\"valueRequired\":true,\"valueName\":\"search_term_string\"}}],\"inLanguage\":\"de-DE\"},{\"@type\":\"Organization\",\"@id\":\"https:\/\/ciep.com\/#organization\",\"name\":\"CiEP\",\"url\":\"https:\/\/ciep.com\/\",\"logo\":{\"@type\":\"ImageObject\",\"inLanguage\":\"de-DE\",\"@id\":\"https:\/\/ciep.com\/#\/schema\/logo\/image\/\",\"url\":\"https:\/\/ciep.com\/wp-content\/uploads\/2018\/04\/logo_ciep.png\",\"contentUrl\":\"https:\/\/ciep.com\/wp-content\/uploads\/2018\/04\/logo_ciep.png\",\"width\":237,\"height\":54,\"caption\":\"CiEP\"},\"image\":{\"@id\":\"https:\/\/ciep.com\/#\/schema\/logo\/image\/\"}}]}<\/script>\n<!-- \/ Yoast SEO plugin. -->","yoast_head_json":{"title":"CiEP-Continu - CiEP","robots":{"index":"index","follow":"follow","max-snippet":"max-snippet:-1","max-image-preview":"max-image-preview:large","max-video-preview":"max-video-preview:-1"},"canonical":"https:\/\/ciep.com\/de\/fur-sie-als-einzelperson\/ciep-continu2\/","og_locale":"de_DE","og_type":"article","og_title":"CiEP-Continu - CiEP","og_description":"CIEP-CONTINU Festgefahrene Arbeitsgewohnheiten Sie haben das CiEP-Basisprogramm erfolgreich abgeschlossen. Sie merken allerdings, dass das, was...","og_url":"https:\/\/ciep.com\/de\/fur-sie-als-einzelperson\/ciep-continu2\/","og_site_name":"CiEP","article_modified_time":"2018-06-01T12:35:10+00:00","og_image":[{"url":"http:\/\/ciep.com\/wp-content\/uploads\/2018\/05\/brochure-duits.jpg","type":"","width":"","height":""}],"twitter_card":"summary_large_image","twitter_misc":{"Est. reading time":"3 minutes"},"schema":{"@context":"https:\/\/schema.org","@graph":[{"@type":"WebPage","@id":"https:\/\/ciep.com\/de\/fur-sie-als-einzelperson\/ciep-continu2\/","url":"https:\/\/ciep.com\/de\/fur-sie-als-einzelperson\/ciep-continu2\/","name":"CiEP-Continu - CiEP","isPartOf":{"@id":"https:\/\/ciep.com\/#website"},"primaryImageOfPage":{"@id":"https:\/\/ciep.com\/de\/fur-sie-als-einzelperson\/ciep-continu2\/#primaryimage"},"image":{"@id":"https:\/\/ciep.com\/de\/fur-sie-als-einzelperson\/ciep-continu2\/#primaryimage"},"thumbnailUrl":"http:\/\/ciep.com\/wp-content\/uploads\/2018\/05\/brochure-duits.jpg","datePublished":"2018-06-01T12:34:02+00:00","dateModified":"2018-06-01T12:35:10+00:00","breadcrumb":{"@id":"https:\/\/ciep.com\/de\/fur-sie-als-einzelperson\/ciep-continu2\/#breadcrumb"},"inLanguage":"de-DE","potentialAction":[{"@type":"ReadAction","target":["https:\/\/ciep.com\/de\/fur-sie-als-einzelperson\/ciep-continu2\/"]}]},{"@type":"ImageObject","inLanguage":"de-DE","@id":"https:\/\/ciep.com\/de\/fur-sie-als-einzelperson\/ciep-continu2\/#primaryimage","url":"http:\/\/ciep.com\/wp-content\/uploads\/2018\/05\/brochure-duits.jpg","contentUrl":"http:\/\/ciep.com\/wp-content\/uploads\/2018\/05\/brochure-duits.jpg"},{"@type":"BreadcrumbList","@id":"https:\/\/ciep.com\/de\/fur-sie-als-einzelperson\/ciep-continu2\/#breadcrumb","itemListElement":[{"@type":"ListItem","position":1,"name":"Home","item":"https:\/\/ciep.com\/"},{"@type":"ListItem","position":2,"name":"F\u00fcr Sie als Einzelperson","item":"https:\/\/ciep.com\/de\/fur-sie-als-einzelperson\/"},{"@type":"ListItem","position":3,"name":"CiEP-Continu"}]},{"@type":"WebSite","@id":"https:\/\/ciep.com\/#website","url":"https:\/\/ciep.com\/","name":"CiEP","description":"Training &amp; Coaching","publisher":{"@id":"https:\/\/ciep.com\/#organization"},"potentialAction":[{"@type":"SearchAction","target":{"@type":"EntryPoint","urlTemplate":"https:\/\/ciep.com\/?s={search_term_string}"},"query-input":{"@type":"PropertyValueSpecification","valueRequired":true,"valueName":"search_term_string"}}],"inLanguage":"de-DE"},{"@type":"Organization","@id":"https:\/\/ciep.com\/#organization","name":"CiEP","url":"https:\/\/ciep.com\/","logo":{"@type":"ImageObject","inLanguage":"de-DE","@id":"https:\/\/ciep.com\/#\/schema\/logo\/image\/","url":"https:\/\/ciep.com\/wp-content\/uploads\/2018\/04\/logo_ciep.png","contentUrl":"https:\/\/ciep.com\/wp-content\/uploads\/2018\/04\/logo_ciep.png","width":237,"height":54,"caption":"CiEP"},"image":{"@id":"https:\/\/ciep.com\/#\/schema\/logo\/image\/"}}]}},"_links":{"self":[{"href":"https:\/\/ciep.com\/de\/wp-json\/wp\/v2\/pages\/3678","targetHints":{"allow":["GET"]}}],"collection":[{"href":"https:\/\/ciep.com\/de\/wp-json\/wp\/v2\/pages"}],"about":[{"href":"https:\/\/ciep.com\/de\/wp-json\/wp\/v2\/types\/page"}],"author":[{"embeddable":true,"href":"https:\/\/ciep.com\/de\/wp-json\/wp\/v2\/users\/1"}],"replies":[{"embeddable":true,"href":"https:\/\/ciep.com\/de\/wp-json\/wp\/v2\/comments?post=3678"}],"version-history":[{"count":1,"href":"https:\/\/ciep.com\/de\/wp-json\/wp\/v2\/pages\/3678\/revisions"}],"predecessor-version":[{"id":3679,"href":"https:\/\/ciep.com\/de\/wp-json\/wp\/v2\/pages\/3678\/revisions\/3679"}],"up":[{"embeddable":true,"href":"https:\/\/ciep.com\/de\/wp-json\/wp\/v2\/pages\/3660"}],"wp:attachment":[{"href":"https:\/\/ciep.com\/de\/wp-json\/wp\/v2\/media?parent=3678"}],"curies":[{"name":"wp","href":"https:\/\/api.w.org\/{rel}","templated":true}]}}