{"id":3737,"date":"2018-06-01T15:32:59","date_gmt":"2018-06-01T13:32:59","guid":{"rendered":"http:\/\/ciep.com\/?page_id=3737"},"modified":"2018-06-01T16:56:34","modified_gmt":"2018-06-01T14:56:34","slug":"pour-vous-en-tant-quindividu","status":"publish","type":"page","link":"https:\/\/ciep.com\/fr\/pour-vous-en-tant-quindividu\/","title":{"rendered":"Pour vous en tant qu&rsquo;individu"},"content":{"rendered":"<p>CiEP ne change pas les gens. Mais la fa\u00e7on dont les gens vivent leur travail est cependant modifi\u00e9e. Et pas seulement au travail. Les d\u00e9fis de la vie priv\u00e9e sont \u00e9galement appr\u00e9hend\u00e9s autrement \u2013 pensez aux choses utiles mais que l\u2019on n\u2019appr\u00e9cie peut-\u00eatre pas. Plus t\u00f4t et plus efficacement. Avec moins d\u2019effort et plus de succ\u00e8s.<\/p>\n<p>&nbsp;<\/p>\n<p>&nbsp;<\/p>\n<section class='bg-section ' id=''><div class='bg' style='background-color: #055d2d;'><\/div><span style='color: white;'><div class=\"su-flex-columns \" style=\"justify-content: space-between; align-items: stretch;\"><div class=\"su-flex-column\" style=\"width: 60%;\">\n<h2>Les r\u00e9sultats CiEP en un coup d&rsquo;\u0153il<\/h2>\n<p>Vous voulez en savoir plus sur CiEP Training &amp; Coaching?<\/p>\n<p>&nbsp;<\/p>\n<a href=\"\/fr\/telecharger-la-brochure\/\" class=\"btn type-3\" target=\"_self\"><span>T\u00e9l\u00e9chargez notre brochure<\/span><\/a>\n<\/div><div class=\"su-flex-column\" style=\"width: 40%;\">\n<p><img loading=\"lazy\" decoding=\"async\" class=\"wp-image-3121 size-full alignnone\" src=\"http:\/\/ciep.com\/wp-content\/uploads\/2018\/05\/brochure-frans.jpg\" alt=\"\" width=\"216\" height=\"305\" srcset=\"https:\/\/ciep.com\/wp-content\/uploads\/2018\/05\/brochure-frans.jpg 216w, https:\/\/ciep.com\/wp-content\/uploads\/2018\/05\/brochure-frans-212x300.jpg 212w, https:\/\/ciep.com\/wp-content\/uploads\/2018\/05\/brochure-frans-191x270.jpg 191w\" sizes=\"auto, (max-width: 216px) 100vw, 216px\" \/><\/p>\n<\/div><\/div><\/span><\/section>\n<div class=\"su-flex-columns \" style=\"justify-content: space-between; align-items: stretch;\"><div class=\"su-flex-column\" style=\"width: 50%;\">\n<h2>\u00c0 propos de CiEP<\/h2>\n<p>En tant que programme de coaching individuel, CiEP offre des retours sur diff\u00e9rents terrains. Le gain de temps est un exemple, g\u00e9n\u00e9ralement compris entre 10 et 20%. Au total, cela signifie environ la moiti\u00e9 de la journ\u00e9e de travail par personne et par semaine! Le temps gagn\u00e9 est \u00e9troitement li\u00e9 \u00e0 un certain nombre de points positifs cruciaux inh\u00e9rents \u00e0 la fa\u00e7on de travailler de la CiEP. Vous pouvez penser aux avantages en termes de:<\/p>\n<ul>\n<li>qualit\u00e9<\/li>\n<li>productivit\u00e9<\/li>\n<li>transparence<\/li>\n<li>initiative et orientation vers les r\u00e9sultats<\/li>\n<\/ul>\n<p>Les entreprises et les organisations qui suivent ou ont suivi un programme CiEP, parlent toujours d&rsquo;avoir plus de plaisir \u00e0 faire leur travail, d&rsquo;une participation et d&rsquo;une satisfaction am\u00e9lior\u00e9es et d&rsquo;un meilleur \u00e9quilibre travail \/ vie personnelle.<\/p>\n<\/div><div class=\"su-flex-column\" style=\"width: 48%;\">\n<p>&nbsp;<\/p>\n<\/div><\/div>\n<p>&nbsp;<\/p>\n<p>&nbsp;<\/p>\n<h2>Une s\u00e9lection de nos clients<\/h2>\n<p>Ces organisations aux Pays-Bas et en Belgique utilisent CiEP pour adapter les habitudes de travail et atteindre le r\u00e9sultat souhait\u00e9:<\/p>\n\n<style>\n\n\t\/*Used to keep captions inside the visible area*\/\n\t#foogallery-gallery-184 .foo-item {\n\t\tmax-height: 150px;\n\t}\n\n\t#foogallery-gallery-184.border-style-inset a::after {\n\t\tbox-shadow: inset 0 0 20px #000;\n\t\t-moz-box-shadow: inset 0 0 20px #000;\n\t\t-webkit-box-shadow: inset 0 0 calc(150)px\/4 rgba(0,0,0,0.8);\n\t}\n<\/style>\n\n<div id=\"foogallery-gallery-184\" class=\"foogallery foogallery-container foogallery-owl-carousel foogallery-lightbox-none owl-carousel \">\n\n\t\t\t\t<div class=\"foo-item\" >\n\t\t\t<a  data-attachment-id=\"1340\" data-type=\"image\"><img loading=\"lazy\" decoding=\"async\"  src=\"https:\/\/ciep.com\/wp-content\/uploads\/cache\/ciep\/assets\/b39483d3-965f-4788-bf86-ddb68c59c419\/2497331903.jpg\" width=\"150\" height=\"150\" class=\"skip-lazy\" \/><\/a>\n\t\t\t<\/div>\n\n\t\t\t\t<div class=\"foo-item\" >\n\t\t\t<a  data-attachment-id=\"1343\" data-type=\"image\"><img loading=\"lazy\" decoding=\"async\"  src=\"https:\/\/ciep.com\/wp-content\/uploads\/cache\/ciep\/assets\/c2f3509e-ba3a-4861-9434-735561739294\/4132001295.jpg\" width=\"150\" height=\"150\" class=\"skip-lazy\" \/><\/a>\n\t\t\t<\/div>\n\n\t\t\t\t<div class=\"foo-item\" >\n\t\t\t<a  data-attachment-id=\"1337\" data-type=\"image\"><img loading=\"lazy\" decoding=\"async\"  src=\"https:\/\/ciep.com\/wp-content\/uploads\/cache\/ciep\/assets\/a11cb9ca-3868-45c4-91ff-9d8bdbc56d6e\/1290588765.png\" width=\"150\" height=\"150\" class=\"skip-lazy\" \/><\/a>\n\t\t\t<\/div>\n\n\t\t\t\t<div class=\"foo-item\" >\n\t\t\t<a  data-attachment-id=\"1331\" data-type=\"image\"><img loading=\"lazy\" decoding=\"async\"  src=\"https:\/\/ciep.com\/wp-content\/uploads\/cache\/ciep\/assets\/74c67b43-08a9-4ce2-92d1-3ffbd756f3cc\/4053834049.png\" width=\"150\" height=\"150\" class=\"skip-lazy\" \/><\/a>\n\t\t\t<\/div>\n\n\t\t\t\t<div class=\"foo-item\" >\n\t\t\t<a  data-attachment-id=\"1334\" data-type=\"image\"><img loading=\"lazy\" decoding=\"async\"  src=\"https:\/\/ciep.com\/wp-content\/uploads\/cache\/ciep\/assets\/692a6bb2-4541-47bf-a2fd-0b01294338f5\/4027271534.png\" width=\"150\" height=\"150\" class=\"skip-lazy\" \/><\/a>\n\t\t\t<\/div>\n\n\t\t\t\t<div class=\"foo-item\" >\n\t\t\t<a  data-attachment-id=\"1328\" data-type=\"image\"><img loading=\"lazy\" decoding=\"async\"  src=\"https:\/\/ciep.com\/wp-content\/uploads\/cache\/ciep\/assets\/44c835bf-b6ff-442d-8593-6977a50681c1\/2005838322.png\" width=\"150\" height=\"150\" class=\"skip-lazy\" \/><\/a>\n\t\t\t<\/div>\n\n\t\t\t\t<div class=\"foo-item\" >\n\t\t\t<a  data-attachment-id=\"4831\" data-type=\"image\"><img loading=\"lazy\" decoding=\"async\"  src=\"https:\/\/ciep.com\/wp-content\/uploads\/cache\/2018\/04\/Gemeente-Dalfsen\/1676060526.jpg\" alt=\"Gemeente Dalfsen\" width=\"150\" height=\"150\" class=\"skip-lazy\" \/><\/a>\n\t\t\t<\/div>\n\n\t\t\t\t<div class=\"foo-item\" >\n\t\t\t<a  data-attachment-id=\"4835\" data-type=\"image\"><img loading=\"lazy\" decoding=\"async\"  src=\"https:\/\/ciep.com\/wp-content\/uploads\/cache\/2018\/04\/Gemeente-Horst-aan-de-Maas\/3398420247.jpeg\" alt=\"Gemeente Horst aan de Maas\" width=\"150\" height=\"150\" class=\"skip-lazy\" \/><\/a>\n\t\t\t<\/div>\n\n\t\t\t\t<div class=\"foo-item\" >\n\t\t\t<a  data-attachment-id=\"4839\" data-type=\"image\"><img loading=\"lazy\" decoding=\"async\"  src=\"https:\/\/ciep.com\/wp-content\/uploads\/cache\/2018\/04\/Hoge-Raad-der-Nederlanden\/1503214675.png\" alt=\"Hoge Raad der Nederlanden\" width=\"150\" height=\"150\" class=\"skip-lazy\" \/><\/a>\n\t\t\t<\/div>\n\n\t\t\t\t<div class=\"foo-item\" >\n\t\t\t<a  data-attachment-id=\"4843\" data-type=\"image\"><img loading=\"lazy\" decoding=\"async\"  src=\"https:\/\/ciep.com\/wp-content\/uploads\/cache\/2018\/04\/KBC-Bank-NV\/1214614627.jpg\" alt=\"KBC Bank NV\" width=\"150\" height=\"150\" class=\"skip-lazy\" \/><\/a>\n\t\t\t<\/div>\n\n\t\t\t\t<div class=\"foo-item\" >\n\t\t\t<a  data-attachment-id=\"4847\" data-type=\"image\"><img loading=\"lazy\" decoding=\"async\"  src=\"https:\/\/ciep.com\/wp-content\/uploads\/cache\/2018\/04\/Ministerie-BZK-Leer-en-Ontwikkelplein\/74736058.png\" alt=\"Ministerie BZK Leer en Ontwikkelplein\" width=\"150\" height=\"150\" class=\"skip-lazy\" \/><\/a>\n\t\t\t<\/div>\n\n\t\t\t\t<div class=\"foo-item\" >\n\t\t\t<a  data-attachment-id=\"4851\" data-type=\"image\"><img loading=\"lazy\" decoding=\"async\"  src=\"https:\/\/ciep.com\/wp-content\/uploads\/cache\/2018\/04\/MInisterie-van-Infrastructuur-en-Milieu\/2140057616.png\" alt=\"MInisterie van Infrastructuur en Milieu\" width=\"150\" height=\"150\" class=\"skip-lazy\" \/><\/a>\n\t\t\t<\/div>\n\n\t\t\t\t<div class=\"foo-item\" >\n\t\t\t<a  data-attachment-id=\"4855\" data-type=\"image\"><img loading=\"lazy\" decoding=\"async\"  src=\"https:\/\/ciep.com\/wp-content\/uploads\/cache\/2018\/04\/NKI-AVL\/195611732.png\" alt=\"NKI AVL\" width=\"150\" height=\"150\" class=\"skip-lazy\" \/><\/a>\n\t\t\t<\/div>\n\n\t\t\t\t<div class=\"foo-item\" >\n\t\t\t<a  data-attachment-id=\"4863\" data-type=\"image\"><img loading=\"lazy\" decoding=\"async\"  src=\"https:\/\/ciep.com\/wp-content\/uploads\/cache\/2018\/04\/Parnassia\/4134240552.png\" alt=\"Parnassia\" width=\"150\" height=\"150\" class=\"skip-lazy\" \/><\/a>\n\t\t\t<\/div>\n\n\t\t\t\t<div class=\"foo-item\" >\n\t\t\t<a  data-attachment-id=\"4867\" data-type=\"image\"><img loading=\"lazy\" decoding=\"async\"  src=\"https:\/\/ciep.com\/wp-content\/uploads\/cache\/2018\/04\/Provincie-Zeeland\/911919281.png\" alt=\"Provincie Zeeland\" width=\"150\" height=\"150\" class=\"skip-lazy\" \/><\/a>\n\t\t\t<\/div>\n\n\t\t\t\t<div class=\"foo-item\" >\n\t\t\t<a  data-attachment-id=\"4871\" data-type=\"image\"><img loading=\"lazy\" decoding=\"async\"  src=\"https:\/\/ciep.com\/wp-content\/uploads\/cache\/2018\/04\/Rabobank\/259824512.jpg\" width=\"150\" height=\"150\" class=\"skip-lazy\" \/><\/a>\n\t\t\t<\/div>\n\n\t\t\t\t<div class=\"foo-item\" >\n\t\t\t<a  data-attachment-id=\"4875\" data-type=\"image\"><img loading=\"lazy\" decoding=\"async\"  src=\"https:\/\/ciep.com\/wp-content\/uploads\/cache\/2018\/04\/Sartorius\/1786445357.png\" alt=\"Sartorius\" width=\"150\" height=\"150\" class=\"skip-lazy\" \/><\/a>\n\t\t\t<\/div>\n\n\t\t\t\t<div class=\"foo-item\" >\n\t\t\t<a  data-attachment-id=\"4879\" data-type=\"image\"><img loading=\"lazy\" decoding=\"async\"  src=\"https:\/\/ciep.com\/wp-content\/uploads\/cache\/2018\/04\/SD-Worx\/1992433576.png\" alt=\"SD Worx\" width=\"150\" height=\"150\" class=\"skip-lazy\" \/><\/a>\n\t\t\t<\/div>\n\n\t\t\t\t<div class=\"foo-item\" >\n\t\t\t<a  data-attachment-id=\"4883\" data-type=\"image\"><img loading=\"lazy\" decoding=\"async\"  src=\"https:\/\/ciep.com\/wp-content\/uploads\/cache\/2018\/04\/Umicore\/4069417556.png\" alt=\"Umicore\" width=\"150\" height=\"150\" class=\"skip-lazy\" \/><\/a>\n\t\t\t<\/div>\n\n\t\t\t\t<div class=\"foo-item\" >\n\t\t\t<a  data-attachment-id=\"4887\" data-type=\"image\"><img loading=\"lazy\" decoding=\"async\"  src=\"https:\/\/ciep.com\/wp-content\/uploads\/cache\/2018\/04\/Universiteit-Utrecht\/1203146310.jpg\" alt=\"Universiteit Utrecht\" width=\"150\" height=\"150\" class=\"skip-lazy\" \/><\/a>\n\t\t\t<\/div>\n\n\t\t\t\t<div class=\"foo-item\" >\n\t\t\t<a  data-attachment-id=\"4891\" data-type=\"image\"><img loading=\"lazy\" decoding=\"async\"  src=\"https:\/\/ciep.com\/wp-content\/uploads\/cache\/2018\/04\/UWV\/3887924229.jpg\" alt=\"UWV\" width=\"150\" height=\"150\" class=\"skip-lazy\" \/><\/a>\n\t\t\t<\/div>\n\n\t\t\t\t<div class=\"foo-item\" >\n\t\t\t<a  data-attachment-id=\"4895\" data-type=\"image\"><img loading=\"lazy\" decoding=\"async\"  src=\"https:\/\/ciep.com\/wp-content\/uploads\/cache\/2018\/04\/Van-Wijnen\/1315930618.png\" alt=\"Van Wijnen\" width=\"150\" height=\"150\" class=\"skip-lazy\" \/><\/a>\n\t\t\t<\/div>\n\n\t\t\t\t<div class=\"foo-item\" >\n\t\t\t<a  data-attachment-id=\"4899\" data-type=\"image\"><img loading=\"lazy\" decoding=\"async\"  src=\"https:\/\/ciep.com\/wp-content\/uploads\/cache\/2018\/04\/Sint-Maartenskliniekklein\/2546642437.jpg\" alt=\"Sint Maartenskliniek\" width=\"150\" height=\"150\" class=\"skip-lazy\" \/><\/a>\n\t\t\t<\/div>\n\n\t\t\t\t<div class=\"foo-item\" >\n\t\t\t<a  data-caption-title=\"Universiteit amsterdam\" data-attachment-id=\"8980\" data-type=\"image\"><img loading=\"lazy\" decoding=\"async\"  src=\"https:\/\/ciep.com\/wp-content\/uploads\/cache\/2018\/04\/Universiteit-amsterdam\/2327589205.jpg\" alt=\"Universiteit amsterdam\" width=\"150\" height=\"150\" class=\"skip-lazy\" \/><\/a>\n\t\t\t<\/div>\n\n\t\t\t\t<div class=\"foo-item\" >\n\t\t\t<a  data-caption-title=\"logo-Icare\" data-caption-desc=\"logo-Icare\" data-attachment-id=\"9001\" data-type=\"image\"><img loading=\"lazy\" decoding=\"async\"  src=\"https:\/\/ciep.com\/wp-content\/uploads\/cache\/2018\/04\/logo-Icare\/3563030211.png\" alt=\"logo-Icare\" width=\"150\" height=\"150\" class=\"skip-lazy\" \/><\/a>\n\t\t\t<\/div>\n\n\t\t\t\t<div class=\"foo-item\" >\n\t\t\t<a  data-attachment-id=\"9005\" data-type=\"image\"><img loading=\"lazy\" decoding=\"async\"  src=\"https:\/\/ciep.com\/wp-content\/uploads\/cache\/2018\/04\/UMC-Utrecht-2019_4\/1366817057.png\" width=\"150\" height=\"150\" class=\"skip-lazy\" \/><\/a>\n\t\t\t<\/div>\n\n\t\t\t\t<div class=\"foo-item\" >\n\t\t\t<a  data-attachment-id=\"9042\" data-type=\"image\"><img loading=\"lazy\" decoding=\"async\"  src=\"https:\/\/ciep.com\/wp-content\/uploads\/cache\/2018\/04\/openbare-scholengroep-schoonoord\/1625542321.jpg\" width=\"150\" height=\"150\" class=\"skip-lazy\" \/><\/a>\n\t\t\t<\/div>\n\n\t\t\t\t<div class=\"foo-item\" >\n\t\t\t<a  data-attachment-id=\"9038\" data-type=\"image\"><img loading=\"lazy\" decoding=\"async\"  src=\"https:\/\/ciep.com\/wp-content\/uploads\/cache\/2018\/04\/gregorius-logo-100\/2883104335.png\" width=\"150\" height=\"150\" class=\"skip-lazy\" \/><\/a>\n\t\t\t<\/div>\n\n\t\t\t\t<div class=\"foo-item\" >\n\t\t\t<a  data-attachment-id=\"9034\" data-type=\"image\"><img loading=\"lazy\" decoding=\"async\"  src=\"https:\/\/ciep.com\/wp-content\/uploads\/cache\/2018\/04\/univ-groningen\/1215662566.jpg\" width=\"150\" height=\"150\" class=\"skip-lazy\" \/><\/a>\n\t\t\t<\/div>\n\n\t\t\t\t<div class=\"foo-item\" >\n\t\t\t<a  data-attachment-id=\"9030\" data-type=\"image\"><img loading=\"lazy\" decoding=\"async\"  src=\"https:\/\/ciep.com\/wp-content\/uploads\/cache\/2018\/04\/Logo_ministerie_van_defensie_svg_\/1754359805.png\" width=\"150\" height=\"150\" class=\"skip-lazy\" \/><\/a>\n\t\t\t<\/div>\n\n\t<\/div>\n\n<script>\n\/* The Owl Initialization Script\n\/* The first lines conditionally show the slide animation *\/\njQuery(window).on(\"load\", function(){\n\tvar $galleryContainer = jQuery( '#foogallery-gallery-184' );\n\tvar $containerID = '#foogallery-gallery-184';\n\n\tjQuery(document).on('keydown', function( event ) { \/\/attach event listener\n\t\tif (event.keyCode == 37) {\n\t\t\t$galleryContainer.trigger('prev.owl')\n\t\t}\n\t\tif (event.keyCode == 39) {\n\t\t\t$galleryContainer.trigger('next.owl')\n\t\t}\n\t});\n\n\t\n\t$galleryContainer.owlCarousel({\n\t\titems: 5,\n\t\tnav: true,\n\t\tmargin: 0,\n\t\tloop:true,\n\t\tautoplay: true,\n\t\tautoplaySpeed: 2000,\n\t\tsmartSpeed:250,\n\t\tnavSpeed: 1250,\n\t\tnavText: ['prev', 'next'],\n\t\tautoplayHoverPause: false,\n\t\tlazyLoad: 1,\n\t\tautoWidth: 0,\n\t\t\tURLhashListener: false,\n\t\tstartPosition: 'URLHash',\n\t\tdots: false,\n\t\t\tresponsiveClass: true,\n\t\tresponsive:{\n\t\t\t0:{\n\t\t\t\titems: 1,\n\t\t\t},\n\t\t\t480:{\n\t\t\t\titems: 3,\n\t\t\t},\n\t\t\t960:{\n\t\t\t\titems: 5,\n\t\t\t}\n\t\t},\n\n\t\t\t});\n});\n<\/script>\n<p>&nbsp;<\/p>\n","protected":false},"excerpt":{"rendered":"<p>CiEP ne change pas les gens. Mais la fa\u00e7on dont les gens vivent leur travail&#8230;<\/p>\n","protected":false},"author":1,"featured_media":0,"parent":0,"menu_order":0,"comment_status":"closed","ping_status":"closed","template":"","meta":{"_acf_changed":false,"inline_featured_image":false,"footnotes":""},"class_list":["post-3737","page","type-page","status-publish","hentry"],"acf":[],"yoast_head":"<!-- This site is optimized with the Yoast SEO plugin v26.9 - https:\/\/yoast.com\/product\/yoast-seo-wordpress\/ -->\n<title>Pour vous en tant qu&#039;individu - CiEP<\/title>\n<meta name=\"robots\" content=\"index, follow, max-snippet:-1, max-image-preview:large, max-video-preview:-1\" \/>\n<link rel=\"canonical\" href=\"https:\/\/ciep.com\/fr\/pour-vous-en-tant-quindividu\/\" \/>\n<meta property=\"og:locale\" content=\"fr_FR\" \/>\n<meta property=\"og:type\" content=\"article\" \/>\n<meta property=\"og:title\" content=\"Pour vous en tant qu&#039;individu - CiEP\" \/>\n<meta property=\"og:description\" content=\"CiEP ne change pas les gens. Mais la fa\u00e7on dont les gens vivent leur travail...\" \/>\n<meta property=\"og:url\" content=\"https:\/\/ciep.com\/fr\/pour-vous-en-tant-quindividu\/\" \/>\n<meta property=\"og:site_name\" content=\"CiEP\" \/>\n<meta property=\"article:modified_time\" content=\"2018-06-01T14:56:34+00:00\" \/>\n<meta property=\"og:image\" content=\"http:\/\/ciep.com\/wp-content\/uploads\/2018\/05\/brochure-frans.jpg\" \/>\n<meta name=\"twitter:card\" content=\"summary_large_image\" \/>\n<meta name=\"twitter:label1\" content=\"Dur\u00e9e de lecture estim\u00e9e\" \/>\n\t<meta name=\"twitter:data1\" content=\"1 minute\" \/>\n<script type=\"application\/ld+json\" class=\"yoast-schema-graph\">{\"@context\":\"https:\/\/schema.org\",\"@graph\":[{\"@type\":\"WebPage\",\"@id\":\"https:\/\/ciep.com\/fr\/pour-vous-en-tant-quindividu\/\",\"url\":\"https:\/\/ciep.com\/fr\/pour-vous-en-tant-quindividu\/\",\"name\":\"Pour vous en tant qu'individu - CiEP\",\"isPartOf\":{\"@id\":\"https:\/\/ciep.com\/#website\"},\"primaryImageOfPage\":{\"@id\":\"https:\/\/ciep.com\/fr\/pour-vous-en-tant-quindividu\/#primaryimage\"},\"image\":{\"@id\":\"https:\/\/ciep.com\/fr\/pour-vous-en-tant-quindividu\/#primaryimage\"},\"thumbnailUrl\":\"http:\/\/ciep.com\/wp-content\/uploads\/2018\/05\/brochure-frans.jpg\",\"datePublished\":\"2018-06-01T13:32:59+00:00\",\"dateModified\":\"2018-06-01T14:56:34+00:00\",\"breadcrumb\":{\"@id\":\"https:\/\/ciep.com\/fr\/pour-vous-en-tant-quindividu\/#breadcrumb\"},\"inLanguage\":\"fr-FR\",\"potentialAction\":[{\"@type\":\"ReadAction\",\"target\":[\"https:\/\/ciep.com\/fr\/pour-vous-en-tant-quindividu\/\"]}]},{\"@type\":\"ImageObject\",\"inLanguage\":\"fr-FR\",\"@id\":\"https:\/\/ciep.com\/fr\/pour-vous-en-tant-quindividu\/#primaryimage\",\"url\":\"http:\/\/ciep.com\/wp-content\/uploads\/2018\/05\/brochure-frans.jpg\",\"contentUrl\":\"http:\/\/ciep.com\/wp-content\/uploads\/2018\/05\/brochure-frans.jpg\"},{\"@type\":\"BreadcrumbList\",\"@id\":\"https:\/\/ciep.com\/fr\/pour-vous-en-tant-quindividu\/#breadcrumb\",\"itemListElement\":[{\"@type\":\"ListItem\",\"position\":1,\"name\":\"Home\",\"item\":\"https:\/\/ciep.com\/\"},{\"@type\":\"ListItem\",\"position\":2,\"name\":\"Pour vous en tant qu&#8217;individu\"}]},{\"@type\":\"WebSite\",\"@id\":\"https:\/\/ciep.com\/#website\",\"url\":\"https:\/\/ciep.com\/\",\"name\":\"CiEP\",\"description\":\"Training &amp; Coaching\",\"publisher\":{\"@id\":\"https:\/\/ciep.com\/#organization\"},\"potentialAction\":[{\"@type\":\"SearchAction\",\"target\":{\"@type\":\"EntryPoint\",\"urlTemplate\":\"https:\/\/ciep.com\/?s={search_term_string}\"},\"query-input\":{\"@type\":\"PropertyValueSpecification\",\"valueRequired\":true,\"valueName\":\"search_term_string\"}}],\"inLanguage\":\"fr-FR\"},{\"@type\":\"Organization\",\"@id\":\"https:\/\/ciep.com\/#organization\",\"name\":\"CiEP\",\"url\":\"https:\/\/ciep.com\/\",\"logo\":{\"@type\":\"ImageObject\",\"inLanguage\":\"fr-FR\",\"@id\":\"https:\/\/ciep.com\/#\/schema\/logo\/image\/\",\"url\":\"https:\/\/ciep.com\/wp-content\/uploads\/2018\/04\/logo_ciep.png\",\"contentUrl\":\"https:\/\/ciep.com\/wp-content\/uploads\/2018\/04\/logo_ciep.png\",\"width\":237,\"height\":54,\"caption\":\"CiEP\"},\"image\":{\"@id\":\"https:\/\/ciep.com\/#\/schema\/logo\/image\/\"}}]}<\/script>\n<!-- \/ Yoast SEO plugin. -->","yoast_head_json":{"title":"Pour vous en tant qu'individu - CiEP","robots":{"index":"index","follow":"follow","max-snippet":"max-snippet:-1","max-image-preview":"max-image-preview:large","max-video-preview":"max-video-preview:-1"},"canonical":"https:\/\/ciep.com\/fr\/pour-vous-en-tant-quindividu\/","og_locale":"fr_FR","og_type":"article","og_title":"Pour vous en tant qu'individu - CiEP","og_description":"CiEP ne change pas les gens. Mais la fa\u00e7on dont les gens vivent leur travail...","og_url":"https:\/\/ciep.com\/fr\/pour-vous-en-tant-quindividu\/","og_site_name":"CiEP","article_modified_time":"2018-06-01T14:56:34+00:00","og_image":[{"url":"http:\/\/ciep.com\/wp-content\/uploads\/2018\/05\/brochure-frans.jpg","type":"","width":"","height":""}],"twitter_card":"summary_large_image","twitter_misc":{"Dur\u00e9e de lecture estim\u00e9e":"1 minute"},"schema":{"@context":"https:\/\/schema.org","@graph":[{"@type":"WebPage","@id":"https:\/\/ciep.com\/fr\/pour-vous-en-tant-quindividu\/","url":"https:\/\/ciep.com\/fr\/pour-vous-en-tant-quindividu\/","name":"Pour vous en tant qu'individu - CiEP","isPartOf":{"@id":"https:\/\/ciep.com\/#website"},"primaryImageOfPage":{"@id":"https:\/\/ciep.com\/fr\/pour-vous-en-tant-quindividu\/#primaryimage"},"image":{"@id":"https:\/\/ciep.com\/fr\/pour-vous-en-tant-quindividu\/#primaryimage"},"thumbnailUrl":"http:\/\/ciep.com\/wp-content\/uploads\/2018\/05\/brochure-frans.jpg","datePublished":"2018-06-01T13:32:59+00:00","dateModified":"2018-06-01T14:56:34+00:00","breadcrumb":{"@id":"https:\/\/ciep.com\/fr\/pour-vous-en-tant-quindividu\/#breadcrumb"},"inLanguage":"fr-FR","potentialAction":[{"@type":"ReadAction","target":["https:\/\/ciep.com\/fr\/pour-vous-en-tant-quindividu\/"]}]},{"@type":"ImageObject","inLanguage":"fr-FR","@id":"https:\/\/ciep.com\/fr\/pour-vous-en-tant-quindividu\/#primaryimage","url":"http:\/\/ciep.com\/wp-content\/uploads\/2018\/05\/brochure-frans.jpg","contentUrl":"http:\/\/ciep.com\/wp-content\/uploads\/2018\/05\/brochure-frans.jpg"},{"@type":"BreadcrumbList","@id":"https:\/\/ciep.com\/fr\/pour-vous-en-tant-quindividu\/#breadcrumb","itemListElement":[{"@type":"ListItem","position":1,"name":"Home","item":"https:\/\/ciep.com\/"},{"@type":"ListItem","position":2,"name":"Pour vous en tant qu&#8217;individu"}]},{"@type":"WebSite","@id":"https:\/\/ciep.com\/#website","url":"https:\/\/ciep.com\/","name":"CiEP","description":"Training &amp; Coaching","publisher":{"@id":"https:\/\/ciep.com\/#organization"},"potentialAction":[{"@type":"SearchAction","target":{"@type":"EntryPoint","urlTemplate":"https:\/\/ciep.com\/?s={search_term_string}"},"query-input":{"@type":"PropertyValueSpecification","valueRequired":true,"valueName":"search_term_string"}}],"inLanguage":"fr-FR"},{"@type":"Organization","@id":"https:\/\/ciep.com\/#organization","name":"CiEP","url":"https:\/\/ciep.com\/","logo":{"@type":"ImageObject","inLanguage":"fr-FR","@id":"https:\/\/ciep.com\/#\/schema\/logo\/image\/","url":"https:\/\/ciep.com\/wp-content\/uploads\/2018\/04\/logo_ciep.png","contentUrl":"https:\/\/ciep.com\/wp-content\/uploads\/2018\/04\/logo_ciep.png","width":237,"height":54,"caption":"CiEP"},"image":{"@id":"https:\/\/ciep.com\/#\/schema\/logo\/image\/"}}]}},"_links":{"self":[{"href":"https:\/\/ciep.com\/fr\/wp-json\/wp\/v2\/pages\/3737","targetHints":{"allow":["GET"]}}],"collection":[{"href":"https:\/\/ciep.com\/fr\/wp-json\/wp\/v2\/pages"}],"about":[{"href":"https:\/\/ciep.com\/fr\/wp-json\/wp\/v2\/types\/page"}],"author":[{"embeddable":true,"href":"https:\/\/ciep.com\/fr\/wp-json\/wp\/v2\/users\/1"}],"replies":[{"embeddable":true,"href":"https:\/\/ciep.com\/fr\/wp-json\/wp\/v2\/comments?post=3737"}],"version-history":[{"count":2,"href":"https:\/\/ciep.com\/fr\/wp-json\/wp\/v2\/pages\/3737\/revisions"}],"predecessor-version":[{"id":3867,"href":"https:\/\/ciep.com\/fr\/wp-json\/wp\/v2\/pages\/3737\/revisions\/3867"}],"wp:attachment":[{"href":"https:\/\/ciep.com\/fr\/wp-json\/wp\/v2\/media?parent=3737"}],"curies":[{"name":"wp","href":"https:\/\/api.w.org\/{rel}","templated":true}]}}